{"id":743,"date":"2015-05-11T16:10:24","date_gmt":"2015-05-11T15:10:24","guid":{"rendered":"http:\/\/local.potentiel.fr\/?page_id=743"},"modified":"2016-11-22T14:46:51","modified_gmt":"2016-11-22T12:46:51","slug":"mentions-legales","status":"publish","type":"page","link":"https:\/\/www.potentiel-daction.com\/en\/mentions-legales","title":{"rendered":"Mentions L\u00e9gales"},"content":{"rendered":"<p>Conform\u00e9ment \u00e0 la Loi sur l&#8217;Economie Num\u00e9rique (LEN), Loi n\u00b02004-275 pour la confiance dans l&#8217;Economie Num\u00e9rique, voici les coordonn\u00e9es de <strong><em>l&#8217;\u00e9diteur de ce site Web<\/em><\/strong> :<\/p>\n<p><strong>POTENTIEL D\u2019ACTION<\/strong><br \/>\nSi\u00e8ge social :<br \/>\n50 rue Louis et Auguste Lumi\u00e8re<br \/>\nTechnoparc<br \/>\nF-01630 SAINT-GENIS-POUILLY<br \/>\nT\u00e9l. : + 33 (4) 50 40 81 32 \/ Fax\u00a0: +33 (4) 50 42 76 61<br \/>\nE-mail : info@potentieldacton.com<br \/>\nSARL \u00e0 associ\u00e9 unique au capital de 20\u00a0000 \u20ac \/ RCS Bourg en Bresse\u00a0480\u00a0337 039<br \/>\nN\u00b0 TVA intracommunautaire\u00a0: 81480337039<\/p>\n<p><strong>G\u00e9rant :<br \/>\n<\/strong>M. Olivier <strong>GALUT<br \/>\n<\/strong><br \/>\n<strong><em>\u00c9tude, Conception graphique et r\u00e9alisation technique du site internet :<br \/>\n<\/em>YKA SAS<\/strong><br \/>\n445 route blanche<br \/>\nF-01170 SEGNY<br \/>\nT\u00e9l. : +33 (4) 50 41 42 43<\/p>\n<p><strong><em>Cr\u00e9dit photos :<br \/>\n<\/em><\/strong><strong>Potentiel d\u2019action<\/strong><\/p>\n<p><strong><em>H\u00e9bergement du site internet :<br \/>\n<\/em>1&amp;1 Internet SARL<br \/>\n<\/strong>7 place de la Gare<br \/>\nBP 70109<br \/>\n57201 SARREGUEMINES Cedex<br \/>\nT\u00e9l.\u00a0: +33 (0)9 70\u00a0808 911<br \/>\nSARL au capital de 100 000 \u20ac \/ RCS Sarreguemines B 431 303\u00a0775<\/p>\n<p><strong style=\"line-height: 1.5;\">Protection des donn\u00e9es personnelles<br \/>\n<\/strong>Les donn\u00e9es personnelles, n\u00e9cessaires afin que nous puissions r\u00e9pondre aux demandes que vous pourrez formuler sur notre site (notamment via le formulaire de contact), mais \u00e9galement \u00e0 des fins statistiques pourront \u00eatre collect\u00e9es via le pr\u00e9sent site Internet. Nous nous engageons \u00e0 respecter les dispositions protectrices des donn\u00e9es \u00e0 caract\u00e8re personnel, et plus particuli\u00e8rement la loi n\u00b078-17 du 6 janvier 1978 relative \u00e0 l&#8217;informatique, aux fichiers et aux libert\u00e9s.<\/p>\n<p>Nous prenons l\u2019engagement de respecter la confidentialit\u00e9 des informations recueillies lors de vos demandes d\u2019information ou de vos commandes. Nous nous interdisons toute revente de fichiers, aucune information personnelle ne sera c\u00e9d\u00e9e \u00e0 des tiers. Vos coordonn\u00e9es ne seront utilis\u00e9es que pour r\u00e9pondre \u00e0 vos demandes. Elles pourront \u00e9galement nous servir \u00e0 vous informer sur nos op\u00e9rations promotionnelles ou nos produits (sauf avis contraire de votre part). Pour exercer ce droit, vous devez vous adresser \u00e0\u00a0:<\/p>\n<p><strong>Potentiel d\u2019action<br \/>\n<\/strong>50, rue Louis et Auguste Lumi\u00e8re<br \/>\nTechnoparc<br \/>\nF-01630 SAINT-GENIS-POUILLY<br \/>\nT\u00e9l.\u00a0: +33 (0)4 50 40 81 32 \/ Fax\u00a0: +33 (0)4 50 42 76 61<br \/>\nE-mail\u00a0: <a href=\"mailto:info@potentieldaction.com\">info@potentieldaction.com<\/a><\/p>\n<p><strong>N\u00b0 D\u00e9claration CNIL <\/strong><em>(en attente)<\/em><\/p>\n<p><strong style=\"line-height: 1.5;\">Obligation des utilisateurs<br \/>\n<\/strong>La structure g\u00e9n\u00e9rale, ainsi que les textes, images anim\u00e9es ou non et tous les \u00e9l\u00e9ments composant ce site Web, sont la propri\u00e9t\u00e9 de Potentiel d\u2019action.<br \/>\nToute reproduction totale ou partielle de son contenu, ainsi que toute extraction d&#8217;une partie substantielle de la base de donn\u00e9es qu&#8217;il contient est interdite sans autorisation expresse et pr\u00e9alable de Potentiel d\u2019action.<br \/>\nCette repr\u00e9sentation ou reproduction, par quelque proc\u00e9d\u00e9 que ce soit, constituerait une contrefa\u00e7on sanctionn\u00e9e par les articles L.335-2 et suivants du Code de la propri\u00e9t\u00e9 intellectuelle, sans pr\u00e9judice des sanctions pr\u00e9vues en cas de violation de la loi n\u00b078-17 du 6 janvier 1978 relative \u00e0 l&#8217;informatique, aux fichiers et aux libert\u00e9s.<\/p>\n<p><strong>Copyright<br \/>\n<\/strong>Toutes les pages de ce site web sont prot\u00e9g\u00e9es par le droit d\u2019auteur fran\u00e7ais et la l\u00e9gislation sur la protection des bases de donn\u00e9es.<br \/>\nArticle L122-4 du code de la propri\u00e9t\u00e9 intellectuelle\u00a0: La reproduction, l\u2019utilisation, l\u2019exploitation des photographies, des images, des cartes, des textes, des extractions de base de donn\u00e9es, des \u00e9l\u00e9ments de conception graphique et en r\u00e8gle g\u00e9n\u00e9rale de tous les \u00e9l\u00e9ments de publication du site sont interdites sans accord pr\u00e9alable de leurs auteurs. Le non-respect de cette interdiction constitue une contrefa\u00e7on pouvant engager la responsabilit\u00e9 civile et p\u00e9nale du contrefacteur.<\/p>\n<p>&nbsp;<\/p>\n","protected":false},"excerpt":{"rendered":"<p>Conform\u00e9ment \u00e0 la Loi sur l&#8217;Economie Num\u00e9rique (LEN), Loi n\u00b02004-275 pour la confiance dans l&#8217;Economie Num\u00e9rique, voici les coordonn\u00e9es de l&#8217;\u00e9diteur de ce site Web : POTENTIEL D\u2019ACTION Si\u00e8ge social : 50 rue Louis et Auguste Lumi\u00e8re Technoparc F-01630 SAINT-GENIS-POUILLY T\u00e9l. : + 33 (4) 50 40 81 32 \/ Fax\u00a0: +33 (4) 50 42 [&hellip;]<\/p>\n","protected":false},"author":3,"featured_media":0,"parent":0,"menu_order":0,"comment_status":"open","ping_status":"open","template":"","meta":{"footnotes":""},"class_list":["post-743","page","type-page","status-publish","hentry"],"_links":{"self":[{"href":"https:\/\/www.potentiel-daction.com\/en\/wp-json\/wp\/v2\/pages\/743","targetHints":{"allow":["GET"]}}],"collection":[{"href":"https:\/\/www.potentiel-daction.com\/en\/wp-json\/wp\/v2\/pages"}],"about":[{"href":"https:\/\/www.potentiel-daction.com\/en\/wp-json\/wp\/v2\/types\/page"}],"author":[{"embeddable":true,"href":"https:\/\/www.potentiel-daction.com\/en\/wp-json\/wp\/v2\/users\/3"}],"replies":[{"embeddable":true,"href":"https:\/\/www.potentiel-daction.com\/en\/wp-json\/wp\/v2\/comments?post=743"}],"version-history":[{"count":13,"href":"https:\/\/www.potentiel-daction.com\/en\/wp-json\/wp\/v2\/pages\/743\/revisions"}],"predecessor-version":[{"id":1308,"href":"https:\/\/www.potentiel-daction.com\/en\/wp-json\/wp\/v2\/pages\/743\/revisions\/1308"}],"wp:attachment":[{"href":"https:\/\/www.potentiel-daction.com\/en\/wp-json\/wp\/v2\/media?parent=743"}],"curies":[{"name":"wp","href":"https:\/\/api.w.org\/{rel}","templated":true}]}}